{"id":3374,"date":"2026-02-01T22:36:44","date_gmt":"2026-02-01T22:36:44","guid":{"rendered":"https:\/\/casacriativa.org\/2025\/?page_id=3374"},"modified":"2026-03-10T19:15:06","modified_gmt":"2026-03-10T19:15:06","slug":"home-2-2","status":"publish","type":"page","link":"https:\/\/casacriativa.org\/2025\/","title":{"rendered":"Casa Criativa"},"content":{"rendered":"\t\t<div data-elementor-type=\"wp-page\" data-elementor-id=\"3374\" class=\"elementor elementor-3374\" data-elementor-post-type=\"page\">\n\t\t\t\t<div class=\"elementor-element elementor-element-71387fb e-con-full e-flex e-con e-parent\" data-id=\"71387fb\" data-element_type=\"container\" data-e-type=\"container\">\n\t\t\t\t<div class=\"elementor-element elementor-element-0a81f72 elementor-widget elementor-widget-banner-two\" data-id=\"0a81f72\" data-element_type=\"widget\" data-e-type=\"widget\" data-widget_type=\"banner-two.default\">\n\t\t\t\t<div class=\"elementor-widget-container\">\n\t\t\t\t\t\n        <!-- Slider Section -->\n        <section class=\"slider-area s-slider-bg slider-dark-overlay d-flex align-items-center\" style=\"background-image:url(https:\/\/casacriativa.org\/2025\/wp-content\/uploads\/2026\/02\/evento-edital1.jpg)\">\n            <div class=\"container\">\n                <div class=\"s-slider-overflow-x fix\">\n                    <div class=\"row\">\n                        <div class=\"col-xl-6 col-lg-8\">\n                            <div class=\"s-slider-content two\">\n                                <!-- Subtitle -->\n                                <h6 class=\"wow fadeInUp\" data-wow-delay=\".3s\">\n                                    <span><\/span>Edital de apresenta\u00e7\u00f5es e projetos                                <\/h6>\n\n                                <!-- Main Title -->\n                                <h2 class=\"wow fadeInUp\" data-wow-delay=\".6s\">\n                                    Casa Criativa                                 <\/h2>\n\n                                <!-- Description (if available) -->\n                                \n                                <!-- Buttons -->\n                                                                    <div class=\"slider-btn\">\n                                        <!-- Button 1 -->\n                                                                                    <a class=\"btn a-btn wow fadeInLeft\" data-wow-delay=\".8s\" href=\"https:\/\/casacriativa.org\/2025\/edital-de-selecao-de-apresentacoes-e-eventos-artisticos-e-culturais-2\/\"  >\n                                                Edital de apresenta\u00e7\u00f5es                                            <\/a>\n                                        \n                                        <!-- Button 2 -->\n                                                                                    <a class=\"btn a-btn transparent-btn wow fadeInRight\" data-wow-delay=\".8s\" href=\"https:\/\/casacriativa.org\/2025\/contact\/\"  >\n                                                CONTATO                                            <\/a>\n                                                                            <\/div>\n                                                            <\/div>\n                        <\/div>\n                    <\/div>\n                <\/div>\n            <\/div>\n        <\/section>\n\n        \t\t\t\t<\/div>\n\t\t\t\t<\/div>\n\t\t\t\t<div class=\"elementor-element elementor-element-e3ee092 e-con e-atomic-element e-flexbox-base\" data-id=\"e3ee092\" data-element_type=\"e-flexbox\" data-e-type=\"e-flexbox\" data-interaction-id=\"e3ee092\" data-e-type=\"e-flexbox\" data-id=\"e3ee092\">\n\t\t\t\t\t\t\t\n\t\t<img class=\"e-image-base \" \n\t\t\t\t\tdata-interaction-id=\"1406468\" \n\t\t \n\t\t data-e-type=\"widget\" data-id=\"1406468\"\n\t\t\t\t\t\t\t\t\tid=\"3009\"\n\t\t\t\t\t\t\t\t\t\t\t\tsrc=\"https:\/\/casacriativa.org\/2025\/wp-content\/uploads\/2025\/10\/2025-Barra-de-logos-Casa-Criativa-Para-aprovacao-scaled.jpg\"\n\t\t\t\t\t\t\t\t\t\t\t\twidth=\"2560\"\n\t\t\t\t\t\t\t\t\t\t\t\theight=\"363\"\n\t\t\t\t\t\t\t\t\t\t\t\tsrcset=\"https:\/\/casacriativa.org\/2025\/wp-content\/uploads\/2025\/10\/2025-Barra-de-logos-Casa-Criativa-Para-aprovacao-scaled.jpg 2560w, https:\/\/casacriativa.org\/2025\/wp-content\/uploads\/2025\/10\/2025-Barra-de-logos-Casa-Criativa-Para-aprovacao-300x43.jpg 300w, https:\/\/casacriativa.org\/2025\/wp-content\/uploads\/2025\/10\/2025-Barra-de-logos-Casa-Criativa-Para-aprovacao-1024x145.jpg 1024w, https:\/\/casacriativa.org\/2025\/wp-content\/uploads\/2025\/10\/2025-Barra-de-logos-Casa-Criativa-Para-aprovacao-768x109.jpg 768w, https:\/\/casacriativa.org\/2025\/wp-content\/uploads\/2025\/10\/2025-Barra-de-logos-Casa-Criativa-Para-aprovacao-1536x218.jpg 1536w, https:\/\/casacriativa.org\/2025\/wp-content\/uploads\/2025\/10\/2025-Barra-de-logos-Casa-Criativa-Para-aprovacao-2048x290.jpg 2048w, https:\/\/casacriativa.org\/2025\/wp-content\/uploads\/2025\/10\/2025-Barra-de-logos-Casa-Criativa-Para-aprovacao-600x85.jpg 600w\"\n\t\t\t\t\t\t\t\t\t\t\t\talt=\"\"\n\t\t\t\t\t\t\/>\n\t\t\t\t\t<\/div>\n\t\t\t\t<\/div>\n\t\t<div class=\"elementor-element elementor-element-00bbdf7 e-flex e-con-boxed e-con e-parent\" data-id=\"00bbdf7\" data-element_type=\"container\" data-e-type=\"container\">\n\t\t\t\t\t<div class=\"e-con-inner\">\n\t\t\t\t<div class=\"elementor-element elementor-element-6de2638 elementor-widget elementor-widget-heading\" data-id=\"6de2638\" data-element_type=\"widget\" data-e-type=\"widget\" data-widget_type=\"heading.default\">\n\t\t\t\t\t<h2 class=\"elementor-heading-title elementor-size-default\">Redes Sociais<\/h2>\t\t\t\t<\/div>\n\t\t\t\t<div class=\"elementor-element elementor-element-739fa48 elementor-shape-rounded elementor-grid-0 e-grid-align-center elementor-widget elementor-widget-social-icons\" data-id=\"739fa48\" data-element_type=\"widget\" data-e-type=\"widget\" data-widget_type=\"social-icons.default\">\n\t\t\t\t\t\t\t<div class=\"elementor-social-icons-wrapper elementor-grid\" role=\"list\">\n\t\t\t\t\t\t\t<span class=\"elementor-grid-item\" role=\"listitem\">\n\t\t\t\t\t<a class=\"elementor-icon elementor-social-icon elementor-social-icon-facebook elementor-repeater-item-7259c40\" href=\"https:\/\/www.facebook.com\/casacriativacatalao\" target=\"_blank\">\n\t\t\t\t\t\t<span class=\"elementor-screen-only\">Facebook<\/span>\n\t\t\t\t\t\t<svg aria-hidden=\"true\" class=\"e-font-icon-svg e-fab-facebook\" viewBox=\"0 0 512 512\" xmlns=\"http:\/\/www.w3.org\/2000\/svg\"><path d=\"M504 256C504 119 393 8 256 8S8 119 8 256c0 123.78 90.69 226.38 209.25 245V327.69h-63V256h63v-54.64c0-62.15 37-96.48 93.67-96.48 27.14 0 55.52 4.84 55.52 4.84v61h-31.28c-30.8 0-40.41 19.12-40.41 38.73V256h68.78l-11 71.69h-57.78V501C413.31 482.38 504 379.78 504 256z\"><\/path><\/svg>\t\t\t\t\t<\/a>\n\t\t\t\t<\/span>\n\t\t\t\t\t\t\t<span class=\"elementor-grid-item\" role=\"listitem\">\n\t\t\t\t\t<a class=\"elementor-icon elementor-social-icon elementor-social-icon-instagram elementor-repeater-item-59f36bf\" href=\"https:\/\/www.instagram.com\/casacriativacmoc\" target=\"_blank\">\n\t\t\t\t\t\t<span class=\"elementor-screen-only\">Instagram<\/span>\n\t\t\t\t\t\t<svg aria-hidden=\"true\" class=\"e-font-icon-svg e-fab-instagram\" viewBox=\"0 0 448 512\" xmlns=\"http:\/\/www.w3.org\/2000\/svg\"><path d=\"M224.1 141c-63.6 0-114.9 51.3-114.9 114.9s51.3 114.9 114.9 114.9S339 319.5 339 255.9 287.7 141 224.1 141zm0 189.6c-41.1 0-74.7-33.5-74.7-74.7s33.5-74.7 74.7-74.7 74.7 33.5 74.7 74.7-33.6 74.7-74.7 74.7zm146.4-194.3c0 14.9-12 26.8-26.8 26.8-14.9 0-26.8-12-26.8-26.8s12-26.8 26.8-26.8 26.8 12 26.8 26.8zm76.1 27.2c-1.7-35.9-9.9-67.7-36.2-93.9-26.2-26.2-58-34.4-93.9-36.2-37-2.1-147.9-2.1-184.9 0-35.8 1.7-67.6 9.9-93.9 36.1s-34.4 58-36.2 93.9c-2.1 37-2.1 147.9 0 184.9 1.7 35.9 9.9 67.7 36.2 93.9s58 34.4 93.9 36.2c37 2.1 147.9 2.1 184.9 0 35.9-1.7 67.7-9.9 93.9-36.2 26.2-26.2 34.4-58 36.2-93.9 2.1-37 2.1-147.8 0-184.8zM398.8 388c-7.8 19.6-22.9 34.7-42.6 42.6-29.5 11.7-99.5 9-132.1 9s-102.7 2.6-132.1-9c-19.6-7.8-34.7-22.9-42.6-42.6-11.7-29.5-9-99.5-9-132.1s-2.6-102.7 9-132.1c7.8-19.6 22.9-34.7 42.6-42.6 29.5-11.7 99.5-9 132.1-9s102.7-2.6 132.1 9c19.6 7.8 34.7 22.9 42.6 42.6 11.7 29.5 9 99.5 9 132.1s2.7 102.7-9 132.1z\"><\/path><\/svg>\t\t\t\t\t<\/a>\n\t\t\t\t<\/span>\n\t\t\t\t\t\t\t<span class=\"elementor-grid-item\" role=\"listitem\">\n\t\t\t\t\t<a class=\"elementor-icon elementor-social-icon elementor-social-icon-icon-tiktok1 elementor-repeater-item-420fdcd\" href=\"https:\/\/www.tiktok.com\/@casacriativacatalao\" target=\"_blank\">\n\t\t\t\t\t\t<span class=\"elementor-screen-only\">Icon-tiktok1<\/span>\n\t\t\t\t\t\t<i aria-hidden=\"true\" class=\"icon icon-tiktok1\"><\/i>\t\t\t\t\t<\/a>\n\t\t\t\t<\/span>\n\t\t\t\t\t\t\t<span class=\"elementor-grid-item\" role=\"listitem\">\n\t\t\t\t\t<a class=\"elementor-icon elementor-social-icon elementor-social-icon-youtube elementor-repeater-item-53568b2\" href=\"https:\/\/www.youtube.com\/@Casa-Criativa\" target=\"_blank\">\n\t\t\t\t\t\t<span class=\"elementor-screen-only\">Youtube<\/span>\n\t\t\t\t\t\t<svg aria-hidden=\"true\" class=\"e-font-icon-svg e-fab-youtube\" viewBox=\"0 0 576 512\" xmlns=\"http:\/\/www.w3.org\/2000\/svg\"><path d=\"M549.655 124.083c-6.281-23.65-24.787-42.276-48.284-48.597C458.781 64 288 64 288 64S117.22 64 74.629 75.486c-23.497 6.322-42.003 24.947-48.284 48.597-11.412 42.867-11.412 132.305-11.412 132.305s0 89.438 11.412 132.305c6.281 23.65 24.787 41.5 48.284 47.821C117.22 448 288 448 288 448s170.78 0 213.371-11.486c23.497-6.321 42.003-24.171 48.284-47.821 11.412-42.867 11.412-132.305 11.412-132.305s0-89.438-11.412-132.305zm-317.51 213.508V175.185l142.739 81.205-142.739 81.201z\"><\/path><\/svg>\t\t\t\t\t<\/a>\n\t\t\t\t<\/span>\n\t\t\t\t\t\t\t<span class=\"elementor-grid-item\" role=\"listitem\">\n\t\t\t\t\t<a class=\"elementor-icon elementor-social-icon elementor-social-icon-linkedin elementor-repeater-item-d98852b\" href=\"https:\/\/www.linkedin.com\/company\/casa-criativa\" target=\"_blank\">\n\t\t\t\t\t\t<span class=\"elementor-screen-only\">Linkedin<\/span>\n\t\t\t\t\t\t<svg aria-hidden=\"true\" class=\"e-font-icon-svg e-fab-linkedin\" viewBox=\"0 0 448 512\" xmlns=\"http:\/\/www.w3.org\/2000\/svg\"><path d=\"M416 32H31.9C14.3 32 0 46.5 0 64.3v383.4C0 465.5 14.3 480 31.9 480H416c17.6 0 32-14.5 32-32.3V64.3c0-17.8-14.4-32.3-32-32.3zM135.4 416H69V202.2h66.5V416zm-33.2-243c-21.3 0-38.5-17.3-38.5-38.5S80.9 96 102.2 96c21.2 0 38.5 17.3 38.5 38.5 0 21.3-17.2 38.5-38.5 38.5zm282.1 243h-66.4V312c0-24.8-.5-56.7-34.5-56.7-34.6 0-39.9 27-39.9 54.9V416h-66.4V202.2h63.7v29.2h.9c8.9-16.8 30.6-34.5 62.9-34.5 67.2 0 79.7 44.3 79.7 101.9V416z\"><\/path><\/svg>\t\t\t\t\t<\/a>\n\t\t\t\t<\/span>\n\t\t\t\t\t\t\t<span class=\"elementor-grid-item\" role=\"listitem\">\n\t\t\t\t\t<a class=\"elementor-icon elementor-social-icon elementor-social-icon-icon-whatsapp elementor-repeater-item-bac991d\" href=\"https:\/\/wa.me\/+5564999224606\" target=\"_blank\">\n\t\t\t\t\t\t<span class=\"elementor-screen-only\">Icon-whatsapp<\/span>\n\t\t\t\t\t\t<i aria-hidden=\"true\" class=\"icon icon-whatsapp\"><\/i>\t\t\t\t\t<\/a>\n\t\t\t\t<\/span>\n\t\t\t\t\t<\/div>\n\t\t\t\t\t\t<\/div>\n\t\t\t\t\t<\/div>\n\t\t\t\t<\/div>\n\t\t<div class=\"elementor-element elementor-element-f950d43 e-flex e-con-boxed e-con e-parent\" data-id=\"f950d43\" data-element_type=\"container\" data-e-type=\"container\" data-settings=\"{&quot;background_background&quot;:&quot;video&quot;}\">\n\t\t\t\t\t<div class=\"e-con-inner\">\n\t\t\t\t<div class=\"elementor-element elementor-element-41d3f34 elementor-widget elementor-widget-video\" data-id=\"41d3f34\" data-element_type=\"widget\" data-e-type=\"widget\" data-settings=\"{&quot;youtube_url&quot;:&quot;https:\\\/\\\/youtu.be\\\/saWGtxrqUw4?si=xxIhXe-k3WqIbcCK&quot;,&quot;video_type&quot;:&quot;youtube&quot;,&quot;controls&quot;:&quot;yes&quot;}\" data-widget_type=\"video.default\">\n\t\t\t\t\t\t\t<div class=\"elementor-wrapper elementor-open-inline\">\n\t\t\t<div class=\"elementor-video\"><\/div>\t\t<\/div>\n\t\t\t\t\t\t<\/div>\n\t\t\t\t\t<\/div>\n\t\t\t\t<\/div>\n\t\t\t\t<\/div>\n\t\t","protected":false},"excerpt":{"rendered":"<p>Edital de apresenta\u00e7\u00f5es e projetos Casa Criativa Edital de apresenta\u00e7\u00f5es CONTATO Redes Sociais Facebook Instagram Icon-tiktok1 Youtube Linkedin Icon-whatsapp<\/p>\n","protected":false},"author":1,"featured_media":0,"parent":0,"menu_order":0,"comment_status":"closed","ping_status":"closed","template":"elementor_header_footer","meta":{"_acf_changed":false,"give_campaign_id":0,"footnotes":""},"class_list":["post-3374","page","type-page","status-publish","hentry"],"acf":[],"campaignId":"","_links":{"self":[{"href":"https:\/\/casacriativa.org\/2025\/wp-json\/wp\/v2\/pages\/3374","targetHints":{"allow":["GET"]}}],"collection":[{"href":"https:\/\/casacriativa.org\/2025\/wp-json\/wp\/v2\/pages"}],"about":[{"href":"https:\/\/casacriativa.org\/2025\/wp-json\/wp\/v2\/types\/page"}],"author":[{"embeddable":true,"href":"https:\/\/casacriativa.org\/2025\/wp-json\/wp\/v2\/users\/1"}],"replies":[{"embeddable":true,"href":"https:\/\/casacriativa.org\/2025\/wp-json\/wp\/v2\/comments?post=3374"}],"version-history":[{"count":21,"href":"https:\/\/casacriativa.org\/2025\/wp-json\/wp\/v2\/pages\/3374\/revisions"}],"predecessor-version":[{"id":3871,"href":"https:\/\/casacriativa.org\/2025\/wp-json\/wp\/v2\/pages\/3374\/revisions\/3871"}],"wp:attachment":[{"href":"https:\/\/casacriativa.org\/2025\/wp-json\/wp\/v2\/media?parent=3374"}],"curies":[{"name":"wp","href":"https:\/\/api.w.org\/{rel}","templated":true}]}}