{"id":3394,"date":"2026-02-01T22:59:30","date_gmt":"2026-02-01T22:59:30","guid":{"rendered":"https:\/\/casacriativa.org\/2025\/?page_id=3394"},"modified":"2026-03-10T18:27:56","modified_gmt":"2026-03-10T18:27:56","slug":"edital-de-selecao-de-apresentacoes-e-eventos-artisticos-e-culturais-2","status":"publish","type":"page","link":"https:\/\/casacriativa.org\/2025\/edital-de-selecao-de-apresentacoes-e-eventos-artisticos-e-culturais-2\/","title":{"rendered":"EDITAL DE SELE\u00c7\u00c3O DE APRESENTA\u00c7\u00d5ES E EVENTOS ART\u00cdSTICOS E CULTURAIS"},"content":{"rendered":"\t\t<div data-elementor-type=\"wp-page\" data-elementor-id=\"3394\" class=\"elementor elementor-3394\" data-elementor-post-type=\"page\">\n\t\t\t\t<div class=\"elementor-element elementor-element-ef8c0ca e-flex e-con-boxed e-con e-parent\" data-id=\"ef8c0ca\" data-element_type=\"container\" data-e-type=\"container\">\n\t\t\t\t\t<div class=\"e-con-inner\">\n\t\t\t\t\t\t\t<h4 \n\t\tdata-interaction-id=\"b29f273\" \n\t\tclass=\"e-b29f273-026b87c e-heading-base\" \n\t\t \n\t\tdata-e-type=\"widget\" data-id=\"b29f273\"\n\t>\n\t\n\t\t\tCompartilhe este edital!\n\t\t<\/h4>\n\t\t\t\t<div class=\"elementor-element elementor-element-723cff6 elementor-share-buttons--skin-framed elementor-share-buttons--view-icon-text elementor-share-buttons--shape-square elementor-grid-0 elementor-share-buttons--color-official elementor-widget elementor-widget-share-buttons\" data-id=\"723cff6\" data-element_type=\"widget\" data-e-type=\"widget\" data-widget_type=\"share-buttons.default\">\n\t\t\t\t\t\t\t<div class=\"elementor-grid\" role=\"list\">\n\t\t\t\t\t\t\t\t<div class=\"elementor-grid-item\" role=\"listitem\">\n\t\t\t\t\t\t<div class=\"elementor-share-btn elementor-share-btn_facebook\" role=\"button\" tabindex=\"0\" aria-label=\"Compartilhar no facebook\">\n\t\t\t\t\t\t\t\t\t\t\t\t\t\t\t<span class=\"elementor-share-btn__icon\">\n\t\t\t\t\t\t\t\t<svg aria-hidden=\"true\" class=\"e-font-icon-svg e-fab-facebook\" viewBox=\"0 0 512 512\" xmlns=\"http:\/\/www.w3.org\/2000\/svg\"><path d=\"M504 256C504 119 393 8 256 8S8 119 8 256c0 123.78 90.69 226.38 209.25 245V327.69h-63V256h63v-54.64c0-62.15 37-96.48 93.67-96.48 27.14 0 55.52 4.84 55.52 4.84v61h-31.28c-30.8 0-40.41 19.12-40.41 38.73V256h68.78l-11 71.69h-57.78V501C413.31 482.38 504 379.78 504 256z\"><\/path><\/svg>\t\t\t\t\t\t\t<\/span>\n\t\t\t\t\t\t\t\t\t\t\t\t\t\t\t\t\t\t\t\t\t\t<div class=\"elementor-share-btn__text\">\n\t\t\t\t\t\t\t\t\t\t\t\t\t\t\t\t\t\t\t<span class=\"elementor-share-btn__title\">\n\t\t\t\t\t\t\t\t\t\tFacebook\t\t\t\t\t\t\t\t\t<\/span>\n\t\t\t\t\t\t\t\t\t\t\t\t\t\t\t\t\t<\/div>\n\t\t\t\t\t\t\t\t\t\t\t\t\t<\/div>\n\t\t\t\t\t<\/div>\n\t\t\t\t\t\t\t\t\t<div class=\"elementor-grid-item\" role=\"listitem\">\n\t\t\t\t\t\t<div class=\"elementor-share-btn elementor-share-btn_twitter\" role=\"button\" tabindex=\"0\" aria-label=\"Compartilhar no twitter\">\n\t\t\t\t\t\t\t\t\t\t\t\t\t\t\t<span class=\"elementor-share-btn__icon\">\n\t\t\t\t\t\t\t\t<svg aria-hidden=\"true\" class=\"e-font-icon-svg e-fab-twitter\" viewBox=\"0 0 512 512\" xmlns=\"http:\/\/www.w3.org\/2000\/svg\"><path d=\"M459.37 151.716c.325 4.548.325 9.097.325 13.645 0 138.72-105.583 298.558-298.558 298.558-59.452 0-114.68-17.219-161.137-47.106 8.447.974 16.568 1.299 25.34 1.299 49.055 0 94.213-16.568 130.274-44.832-46.132-.975-84.792-31.188-98.112-72.772 6.498.974 12.995 1.624 19.818 1.624 9.421 0 18.843-1.3 27.614-3.573-48.081-9.747-84.143-51.98-84.143-102.985v-1.299c13.969 7.797 30.214 12.67 47.431 13.319-28.264-18.843-46.781-51.005-46.781-87.391 0-19.492 5.197-37.36 14.294-52.954 51.655 63.675 129.3 105.258 216.365 109.807-1.624-7.797-2.599-15.918-2.599-24.04 0-57.828 46.782-104.934 104.934-104.934 30.213 0 57.502 12.67 76.67 33.137 23.715-4.548 46.456-13.32 66.599-25.34-7.798 24.366-24.366 44.833-46.132 57.827 21.117-2.273 41.584-8.122 60.426-16.243-14.292 20.791-32.161 39.308-52.628 54.253z\"><\/path><\/svg>\t\t\t\t\t\t\t<\/span>\n\t\t\t\t\t\t\t\t\t\t\t\t\t\t\t\t\t\t\t\t\t\t<div class=\"elementor-share-btn__text\">\n\t\t\t\t\t\t\t\t\t\t\t\t\t\t\t\t\t\t\t<span class=\"elementor-share-btn__title\">\n\t\t\t\t\t\t\t\t\t\tTwitter\t\t\t\t\t\t\t\t\t<\/span>\n\t\t\t\t\t\t\t\t\t\t\t\t\t\t\t\t\t<\/div>\n\t\t\t\t\t\t\t\t\t\t\t\t\t<\/div>\n\t\t\t\t\t<\/div>\n\t\t\t\t\t\t\t\t\t<div class=\"elementor-grid-item\" role=\"listitem\">\n\t\t\t\t\t\t<div class=\"elementor-share-btn elementor-share-btn_linkedin\" role=\"button\" tabindex=\"0\" aria-label=\"Compartilhar no linkedin\">\n\t\t\t\t\t\t\t\t\t\t\t\t\t\t\t<span class=\"elementor-share-btn__icon\">\n\t\t\t\t\t\t\t\t<svg aria-hidden=\"true\" class=\"e-font-icon-svg e-fab-linkedin\" viewBox=\"0 0 448 512\" xmlns=\"http:\/\/www.w3.org\/2000\/svg\"><path d=\"M416 32H31.9C14.3 32 0 46.5 0 64.3v383.4C0 465.5 14.3 480 31.9 480H416c17.6 0 32-14.5 32-32.3V64.3c0-17.8-14.4-32.3-32-32.3zM135.4 416H69V202.2h66.5V416zm-33.2-243c-21.3 0-38.5-17.3-38.5-38.5S80.9 96 102.2 96c21.2 0 38.5 17.3 38.5 38.5 0 21.3-17.2 38.5-38.5 38.5zm282.1 243h-66.4V312c0-24.8-.5-56.7-34.5-56.7-34.6 0-39.9 27-39.9 54.9V416h-66.4V202.2h63.7v29.2h.9c8.9-16.8 30.6-34.5 62.9-34.5 67.2 0 79.7 44.3 79.7 101.9V416z\"><\/path><\/svg>\t\t\t\t\t\t\t<\/span>\n\t\t\t\t\t\t\t\t\t\t\t\t\t\t\t\t\t\t\t\t\t\t<div class=\"elementor-share-btn__text\">\n\t\t\t\t\t\t\t\t\t\t\t\t\t\t\t\t\t\t\t<span class=\"elementor-share-btn__title\">\n\t\t\t\t\t\t\t\t\t\tLinkedIn\t\t\t\t\t\t\t\t\t<\/span>\n\t\t\t\t\t\t\t\t\t\t\t\t\t\t\t\t\t<\/div>\n\t\t\t\t\t\t\t\t\t\t\t\t\t<\/div>\n\t\t\t\t\t<\/div>\n\t\t\t\t\t\t\t\t\t<div class=\"elementor-grid-item\" role=\"listitem\">\n\t\t\t\t\t\t<div class=\"elementor-share-btn elementor-share-btn_threads\" role=\"button\" tabindex=\"0\" aria-label=\"Compartilhar no threads\">\n\t\t\t\t\t\t\t\t\t\t\t\t\t\t\t<span class=\"elementor-share-btn__icon\">\n\t\t\t\t\t\t\t\t<svg aria-hidden=\"true\" class=\"e-font-icon-svg e-fab-threads\" viewBox=\"0 0 448 512\" xmlns=\"http:\/\/www.w3.org\/2000\/svg\"><path d=\"M331.5 235.7c2.2 .9 4.2 1.9 6.3 2.8c29.2 14.1 50.6 35.2 61.8 61.4c15.7 36.5 17.2 95.8-30.3 143.2c-36.2 36.2-80.3 52.5-142.6 53h-.3c-70.2-.5-124.1-24.1-160.4-70.2c-32.3-41-48.9-98.1-49.5-169.6V256v-.2C17 184.3 33.6 127.2 65.9 86.2C102.2 40.1 156.2 16.5 226.4 16h.3c70.3 .5 124.9 24 162.3 69.9c18.4 22.7 32 50 40.6 81.7l-40.4 10.8c-7.1-25.8-17.8-47.8-32.2-65.4c-29.2-35.8-73-54.2-130.5-54.6c-57 .5-100.1 18.8-128.2 54.4C72.1 146.1 58.5 194.3 58 256c.5 61.7 14.1 109.9 40.3 143.3c28 35.6 71.2 53.9 128.2 54.4c51.4-.4 85.4-12.6 113.7-40.9c32.3-32.2 31.7-71.8 21.4-95.9c-6.1-14.2-17.1-26-31.9-34.9c-3.7 26.9-11.8 48.3-24.7 64.8c-17.1 21.8-41.4 33.6-72.7 35.3c-23.6 1.3-46.3-4.4-63.9-16c-20.8-13.8-33-34.8-34.3-59.3c-2.5-48.3 35.7-83 95.2-86.4c21.1-1.2 40.9-.3 59.2 2.8c-2.4-14.8-7.3-26.6-14.6-35.2c-10-11.7-25.6-17.7-46.2-17.8H227c-16.6 0-39 4.6-53.3 26.3l-34.4-23.6c19.2-29.1 50.3-45.1 87.8-45.1h.8c62.6 .4 99.9 39.5 103.7 107.7l-.2 .2zm-156 68.8c1.3 25.1 28.4 36.8 54.6 35.3c25.6-1.4 54.6-11.4 59.5-73.2c-13.2-2.9-27.8-4.4-43.4-4.4c-4.8 0-9.6 .1-14.4 .4c-42.9 2.4-57.2 23.2-56.2 41.8l-.1 .1z\"><\/path><\/svg>\t\t\t\t\t\t\t<\/span>\n\t\t\t\t\t\t\t\t\t\t\t\t\t\t\t\t\t\t\t\t\t\t<div class=\"elementor-share-btn__text\">\n\t\t\t\t\t\t\t\t\t\t\t\t\t\t\t\t\t\t\t<span class=\"elementor-share-btn__title\">\n\t\t\t\t\t\t\t\t\t\tThreads\t\t\t\t\t\t\t\t\t<\/span>\n\t\t\t\t\t\t\t\t\t\t\t\t\t\t\t\t\t<\/div>\n\t\t\t\t\t\t\t\t\t\t\t\t\t<\/div>\n\t\t\t\t\t<\/div>\n\t\t\t\t\t\t\t\t\t<div class=\"elementor-grid-item\" role=\"listitem\">\n\t\t\t\t\t\t<div class=\"elementor-share-btn elementor-share-btn_whatsapp\" role=\"button\" tabindex=\"0\" aria-label=\"Compartilhar no whatsapp\">\n\t\t\t\t\t\t\t\t\t\t\t\t\t\t\t<span class=\"elementor-share-btn__icon\">\n\t\t\t\t\t\t\t\t<svg aria-hidden=\"true\" class=\"e-font-icon-svg e-fab-whatsapp\" viewBox=\"0 0 448 512\" xmlns=\"http:\/\/www.w3.org\/2000\/svg\"><path d=\"M380.9 97.1C339 55.1 283.2 32 223.9 32c-122.4 0-222 99.6-222 222 0 39.1 10.2 77.3 29.6 111L0 480l117.7-30.9c32.4 17.7 68.9 27 106.1 27h.1c122.3 0 224.1-99.6 224.1-222 0-59.3-25.2-115-67.1-157zm-157 341.6c-33.2 0-65.7-8.9-94-25.7l-6.7-4-69.8 18.3L72 359.2l-4.4-7c-18.5-29.4-28.2-63.3-28.2-98.2 0-101.7 82.8-184.5 184.6-184.5 49.3 0 95.6 19.2 130.4 54.1 34.8 34.9 56.2 81.2 56.1 130.5 0 101.8-84.9 184.6-186.6 184.6zm101.2-138.2c-5.5-2.8-32.8-16.2-37.9-18-5.1-1.9-8.8-2.8-12.5 2.8-3.7 5.6-14.3 18-17.6 21.8-3.2 3.7-6.5 4.2-12 1.4-32.6-16.3-54-29.1-75.5-66-5.7-9.8 5.7-9.1 16.3-30.3 1.8-3.7.9-6.9-.5-9.7-1.4-2.8-12.5-30.1-17.1-41.2-4.5-10.8-9.1-9.3-12.5-9.5-3.2-.2-6.9-.2-10.6-.2-3.7 0-9.7 1.4-14.8 6.9-5.1 5.6-19.4 19-19.4 46.3 0 27.3 19.9 53.7 22.6 57.4 2.8 3.7 39.1 59.7 94.8 83.8 35.2 15.2 49 16.5 66.6 13.9 10.7-1.6 32.8-13.4 37.4-26.4 4.6-13 4.6-24.1 3.2-26.4-1.3-2.5-5-3.9-10.5-6.6z\"><\/path><\/svg>\t\t\t\t\t\t\t<\/span>\n\t\t\t\t\t\t\t\t\t\t\t\t\t\t\t\t\t\t\t\t\t\t<div class=\"elementor-share-btn__text\">\n\t\t\t\t\t\t\t\t\t\t\t\t\t\t\t\t\t\t\t<span class=\"elementor-share-btn__title\">\n\t\t\t\t\t\t\t\t\t\tWhatsApp\t\t\t\t\t\t\t\t\t<\/span>\n\t\t\t\t\t\t\t\t\t\t\t\t\t\t\t\t\t<\/div>\n\t\t\t\t\t\t\t\t\t\t\t\t\t<\/div>\n\t\t\t\t\t<\/div>\n\t\t\t\t\t\t<\/div>\n\t\t\t\t\t\t<\/div>\n\t\t\t\t\t    \t            <a\n            \t\t\thref=\"https:\/\/casacriativa.org\/2025\/wp-content\/uploads\/2026\/02\/Edital20262027apresentacoes.pdf\"\n        target=\"_blank\"\n            class=\"e-d95025f-a0e06f8 e-button-base\"\n            data-interaction-id=\"d95025f\"\n             data-e-type=\"widget\" data-id=\"d95025f\" \n        >\n            Edital em PDF - Downloads\n        <\/a>\n    \t\t\t\t<div class=\"elementor-element elementor-element-6dc8940 elementor-widget elementor-widget-text-editor\" data-id=\"6dc8940\" data-element_type=\"widget\" data-e-type=\"widget\" data-widget_type=\"text-editor.default\">\n\t\t\t\t\t\t\t\t\t<p><strong>EDITAL DE SELE\u00c7\u00c3O DE APRESENTA\u00c7\u00d5ES E EVENTOS ART\u00cdSTICOS E CULTURAIS<\/strong><\/p><p><strong>CASA CRIATIVA \u2013 2026\/2027<\/strong><br \/><strong>EDITAL N\u00ba 01\/2026<\/strong><br \/><strong>PRONAC 205070 \u2013 Casa Criativa<\/strong><br \/><strong>Patroc\u00ednio: CMOC Brasil<\/strong><\/p><p><strong>\u00a0<\/strong><\/p><ol><li><strong> OBJETIVOS<\/strong><\/li><\/ol><p>Selecionar apresenta\u00e7\u00f5es e eventos art\u00edsticos e culturais, de diversos segmentos, para realiza\u00e7\u00e3o nas unidades da Casa Criativa, nas cidades de Catal\u00e3o e Ouvidor, estado de Goi\u00e1s, no per\u00edodo de 2026 a 2027.<\/p><p>Todas as atividades selecionadas ter\u00e3o <strong>acesso gratuito ao p\u00fablico<\/strong>, sendo abertas \u00e0 comunidade em geral.<\/p><ol start=\"2\"><li><strong> QUEM PODE PARTICIPAR<\/strong><\/li><\/ol><p>O edital \u00e9 aberto a <strong>grupos, coletivos e artistas regionais, nacionais e internacionais<\/strong>, formais ou informais, incluindo artistas solo e demais representa\u00e7\u00f5es art\u00edsticas e culturais.<\/p><p><strong>2.01- <\/strong>Ser\u00e3o aceitas propostas em fase de montagem ou que ainda n\u00e3o tenham estreado, desde que seja apresentado <strong>v\u00eddeo de ensaio ou grava\u00e7\u00e3o piloto<\/strong>, acompanhado de <strong>roteiro ou descri\u00e7\u00e3o detalhada do conte\u00fado da proposta<\/strong>, a ser enviado no campo \u201cOutros arquivos relevantes\u201d, em formato PDF.<\/p><p><strong>2.02 &#8211; <\/strong>Coletivos, grupos ou artistas <strong>informais brasileiros<\/strong> dever\u00e3o indicar um representante legal com <strong>CNPJ v\u00e1lido<\/strong>, respons\u00e1vel pela emiss\u00e3o da Nota Fiscal referente ao pagamento do cach\u00ea.<\/p><p><strong>2.03 &#8211; <\/strong>Propostas internacionais dever\u00e3o emitir <strong>comprovante de pagamento<\/strong>, conforme modelo a ser fornecido no momento da contrata\u00e7\u00e3o.<\/p><ol start=\"3\"><li><strong> LOCAIS DE APRESENTA\u00c7\u00c3O<\/strong><\/li><\/ol><p>As apresenta\u00e7\u00f5es ocorrer\u00e3o prioritariamente nos <strong>espa\u00e7os c\u00eanicos da Casa Criativa<\/strong>, caracterizados como espa\u00e7os alternativos, com estrutura b\u00e1sica de som e recursos limitados de ilumina\u00e7\u00e3o.<\/p><p>Tamb\u00e9m poder\u00e3o ser propostas apresenta\u00e7\u00f5es em <strong>pra\u00e7as, escolas, ruas e outros espa\u00e7os alternativos<\/strong>, mediante avalia\u00e7\u00e3o da coordena\u00e7\u00e3o.<\/p><p><strong>3.01 \u2013 Catal\u00e3o\/GO<\/strong><\/p><p>Rua Ademar Ferrugem, n\u00ba 525 \u2013 Centro \u2013 Catal\u00e3o\/GO &#8211; CEP: 75701-655<\/p><p><strong>3.02 \u2013 Ouvidor\/GO<\/strong><\/p><p>Rua Elizeu da Silva II, n\u00ba 101 \u2013 Bairro JK \u2013 Ouvidor\/GO &#8211; CEP: 75715-000<\/p><ol start=\"4\"><li><strong> SELE\u00c7\u00c3O<\/strong><\/li><\/ol><p>A inscri\u00e7\u00e3o da proposta <strong>n\u00e3o garante sua sele\u00e7\u00e3o ou contrata\u00e7\u00e3o<\/strong>.<\/p><p><strong>4.01 &#8211; <\/strong>As propostas ser\u00e3o analisadas <strong>durante o per\u00edodo de inscri\u00e7\u00f5es<\/strong>. A partir de <strong>16 de fevereiro de 2026<\/strong>, propostas j\u00e1 analisadas e habilitadas poder\u00e3o ser contatadas para negocia\u00e7\u00e3o de cach\u00ea e agendamento, mesmo antes da publica\u00e7\u00e3o do resultado.<\/p><p><strong>4.02 &#8211; <\/strong>Ser\u00e1 publicada no site da Casa Criativa a <strong>rela\u00e7\u00e3o de propostas inscritas<\/strong>, com indica\u00e7\u00e3o de <strong>Habilitada<\/strong> ou <strong>N\u00e3o Habilitada<\/strong>, acompanhada de justificativa no caso de inabilita\u00e7\u00e3o.<\/p><p><strong>4.03 &#8211; <\/strong>As propostas habilitadas poder\u00e3o receber <strong>propostas de cach\u00ea<\/strong>, conforme disponibilidade or\u00e7ament\u00e1ria e calend\u00e1rio de atividades das unidades.<\/p><p><strong>4.04 &#8211; <\/strong>A habilita\u00e7\u00e3o <strong>n\u00e3o garante a contrata\u00e7\u00e3o<\/strong>.<\/p><p><strong>4.05 &#8211; <\/strong>Propostas n\u00e3o habilitadas poder\u00e3o ser reapresentadas em futuros editais, desde que sejam sanadas as pend\u00eancias apontadas.<\/p><p><strong>4.06 &#8211; <\/strong>O local de apresenta\u00e7\u00e3o ser\u00e1 definido pela <strong>Coordena\u00e7\u00e3o da Casa Criativa<\/strong>.<\/p><p><strong>4.07 &#8211; <\/strong>Todas as propostas contratadas dever\u00e3o <strong>assinar contrato previamente<\/strong>, contendo prazos, valores e condi\u00e7\u00f5es acordadas entre as partes.<\/p><ol start=\"5\"><li><strong> REMUNERA\u00c7\u00c3O \/ CACH\u00ca<\/strong><\/li><\/ol><p>As propostas selecionadas receber\u00e3o <strong>cach\u00ea ou apoio financeiro<\/strong>, conforme condi\u00e7\u00f5es apresentadas pela Coordena\u00e7\u00e3o da Casa Criativa, cabendo ao proponente aceitar ou recusar a proposta.<\/p><p><strong>5.01 &#8211; <\/strong>O cach\u00ea ser\u00e1 em formato <strong>\u201cALL INCLUSIVE\u201d<\/strong>, abrangendo todas as despesas relacionadas \u00e0 apresenta\u00e7\u00e3o.<\/p><p><strong>5.02 &#8211; <\/strong>A comprova\u00e7\u00e3o da realiza\u00e7\u00e3o da apresenta\u00e7\u00e3o ser\u00e1 feita por meio de <strong>Nota Fiscal<\/strong> e <strong>registro fotogr\u00e1fico e\/ou audiovisual<\/strong>, realizado pela equipe local.<\/p><p><strong>5.03 &#8211; <\/strong>Os pagamentos ocorrer\u00e3o em at\u00e9 <strong>03 (tr\u00eas) dias \u00fateis<\/strong> ap\u00f3s o recebimento da Nota Fiscal e confer\u00eancia pelo setor financeiro.<\/p><p>Ser\u00e3o aceitas Notas Fiscais de pessoas jur\u00eddicas com <strong>CNAEs compat\u00edveis<\/strong> com a proposta apresentada. Pessoas f\u00edsicas poder\u00e3o emitir <strong>Nota Fiscal avulsa<\/strong>, conforme legisla\u00e7\u00e3o de seu munic\u00edpio.<\/p><p><strong>5.04 &#8211; <\/strong>N\u00e3o haver\u00e1 reten\u00e7\u00e3o de impostos na fonte, sendo de <strong>responsabilidade exclusiva do proponente<\/strong> o recolhimento de tributos, encargos e direitos diretos ou indiretos.<\/p><p><strong>5.05 &#8211; <\/strong>Casos excepcionais ser\u00e3o analisados pela Coordena\u00e7\u00e3o da Casa Criativa.<\/p><ol start=\"6\"><li><strong> CIRCULA\u00c7\u00c3O E CONTRAPARTIDAS DE LEIS DE INCENTIVO<\/strong><\/li><\/ol><p>Ser\u00e3o aceitas apresenta\u00e7\u00f5es oriundas de projetos contemplados por <strong>Leis de Incentivo, Editais ou Fomentos p\u00fablicos ou privados<\/strong>, nas esferas federal, estadual ou municipal, mediante os crit\u00e9rios abaixo:<\/p><p><strong>6.01 &#8211; <\/strong>Poder\u00e1 ser concedida <strong>ajuda de custo apenas para despesas n\u00e3o previstas no projeto original<\/strong>.<\/p><p><strong>6.02 &#8211; <\/strong>Poder\u00e1 ser emitida carta convite para o proponente \/ proposta antecipadamente para pleitear apoios de circula\u00e7\u00e3o municipal, estadual ou federal.<\/p><p><strong>6.03 &#8211; <\/strong>A <strong>barra de logotipos<\/strong> dever\u00e1 ser adaptada ao padr\u00e3o institucional da Casa Criativa nas apresenta\u00e7\u00f5es locais.<\/p><p><strong>6.04 &#8211; <\/strong>Ser\u00e1 fornecida <strong>declara\u00e7\u00e3o de realiza\u00e7\u00e3o<\/strong> das etapas executadas na Casa Criativa.<\/p><p><strong>6.05 \u2013 <\/strong>As situa\u00e7\u00f5es apresentadas neste item (6), dever\u00e3o ser detalhadas no pen\u00faltimo campo do envio da proposta <strong>\u201cComent\u00e1rios ou informa\u00e7\u00f5es adicionais\u201d<\/strong>.<\/p><ol start=\"7\"><li><strong> ESTRUTURA<\/strong><\/li><\/ol><p><strong>7.01 &#8211; <\/strong>A Casa Criativa poder\u00e1 disponibilizar, mediante solicita\u00e7\u00e3o pr\u00e9via, <strong>hospedagem em base de apoio<\/strong> na cidade de Catal\u00e3o.<\/p><p><strong>7.02 &#8211; <\/strong>A hospedagem inclui apenas <strong>alojamento<\/strong>, n\u00e3o contemplando alimenta\u00e7\u00e3o.<\/p><p><strong>7.03 &#8211; <\/strong>A Casa Criativa <strong>n\u00e3o disp\u00f5e de t\u00e9cnicos pr\u00f3prios<\/strong> para opera\u00e7\u00e3o de luz e som, oferecendo apenas apoio \u00e0 montagem.<\/p><p><strong>7.04 &#8211; <\/strong>Necessidades t\u00e9cnicas espec\u00edficas poder\u00e3o ser solicitadas \u00e0 Coordena\u00e7\u00e3o, que avaliar\u00e1 a viabilidade de atendimento.<\/p><ol start=\"8\"><li><strong> INSCRI\u00c7\u00d5ES<\/strong><\/li><\/ol><p>As inscri\u00e7\u00f5es ser\u00e3o gratuitas e realizadas no per\u00edodo de <strong>01 de fevereiro a 01 de abril de 2026<\/strong>, por meio do formul\u00e1rio dispon\u00edvel em: <a href=\"http:\/\/www.casacriativa.org.br\"><strong>http:\/\/www.casacriativa.org.br<\/strong><\/a><\/p><p><strong>8.01 &#8211; <\/strong>O formul\u00e1rio conter\u00e1 campos obrigat\u00f3rios, indicados com (*). Os campos solicitados no formul\u00e1rio s\u00e3o:<\/p><p><strong>CONTATO \/ RESPONS\u00c1VEL<\/strong><\/p><ul><li>Nome do respons\u00e1vel *<\/li><li>Telefone \/ WhatsApp *<\/li><li>E-mail *<\/li><li>Contato alternativo (nome, telefone, WhatsApp, e-mail) *<\/li><li>Pa\u00eds *<\/li><li>Estado *<\/li><li>Cidade *<\/li><li>Site ou portal<\/li><li>Redes sociais (Facebook, Instagram, TikTok, YouTube, LinkedIn)<\/li><\/ul><p><strong>APRESENTA\u00c7\u00c3O<\/strong><\/p><ul><li>Nome da apresenta\u00e7\u00e3o *<\/li><li>Segmento cultural *<\/li><li>Classifica\u00e7\u00e3o indicativa *<\/li><li>Sinopse (at\u00e9 500 caracteres) *<\/li><\/ul><ul><li style=\"list-style-type: none;\"><ul><li style=\"list-style-type: none;\"><ul><li>Justificativa da proposta (at\u00e9 2.000 caracteres) *<\/li><li>Ficha t\u00e9cnica (at\u00e9 500 caracteres) *<\/li><li>Release para imprensa (at\u00e9 2.000 caracteres) *<\/li><li>Dura\u00e7\u00e3o aproximada *<\/li><li>Tempo de montagem *<\/li><li>Tempo de desmontagem *<\/li><li>Necessidades t\u00e9cnicas (at\u00e9 500 caracteres) *<\/li><li>Link para v\u00eddeo da apresenta\u00e7\u00e3o *<\/li><li>Fotos do espet\u00e1culo (at\u00e9 5 arquivos, 2MB cada) *<\/li><li>Outros arquivos relevantes (at\u00e9 2 PDFs, 10MB cada)<\/li><li>Outros links relevantes<\/li><\/ul><\/li><\/ul><\/li><\/ul><p><strong>EQUIPE T\u00c9CNICA E ART\u00cdSTICA<\/strong><\/p><ul><li>Quantidade de integrantes que viajam *<\/li><li>Cadastro de at\u00e9 10 participantes (fun\u00e7\u00e3o, idade e indica\u00e7\u00e3o de defici\u00eancia, se houver)<\/li><\/ul><p><strong>TERMO DE ACEITE<\/strong><\/p><ul><li>Declara\u00e7\u00e3o de ci\u00eancia e concord\u00e2ncia integral com o edital *<\/li><\/ul><ol start=\"9\"><li><strong> CRONOGRAMA<\/strong><\/li><\/ol><table><tbody><tr><td><p><strong>ETAPA<\/strong><\/p><\/td><td><p><strong>PER\u00cdODO<\/strong><\/p><\/td><td><p><strong>OBSERVA\u00c7\u00d5ES<\/strong><\/p><\/td><\/tr><tr><td><p><strong>Inscri\u00e7\u00f5es<\/strong><\/p><\/td><td><p>01\/02 a 30\/04\/2026<\/p><\/td><td><p>Site da Casa Criativa<\/p><\/td><\/tr><tr><td><p><strong>An\u00e1lise das propostas<\/strong><\/p><\/td><td><p>15\/02 a 14\/05\/2026<\/p><\/td><td><p>Coordena\u00e7\u00e3o \/ Banca<\/p><\/td><\/tr><tr><td><p><strong>Contrata\u00e7\u00f5es<\/strong><\/p><\/td><td><p>15\/02 a 31\/12\/2026<\/p><\/td><td><p>Coordena\u00e7\u00e3o<\/p><\/td><\/tr><tr><td><p><strong>Resultado de habilita\u00e7\u00e3o<\/strong><\/p><\/td><td><p>15\/05\/2026<\/p><\/td><td><p>Site<\/p><\/td><\/tr><tr><td><p><strong>Per\u00edodo de apresenta\u00e7\u00f5es<\/strong><\/p><\/td><td><p>15\/02\/2026 a 28\/02\/2027<\/p><\/td><td><p>Conforme agenda<\/p><\/td><\/tr><\/tbody><\/table><ol start=\"10\"><li><strong> DISPOSI\u00c7\u00d5ES FINAIS<\/strong><\/li><\/ol><p><strong>10.01 &#8211; <\/strong>Os casos omissos ser\u00e3o resolvidos pela <strong>Banca de Avalia\u00e7\u00e3o e Coordena\u00e7\u00e3o da Casa Criativa<\/strong>.<\/p><p><strong>10.02 &#8211; <\/strong>O envio da inscri\u00e7\u00e3o implica <strong>plena concord\u00e2ncia<\/strong> com todos os termos deste edital.<\/p><p><strong>10.03 &#8211; <\/strong>D\u00favidas e esclarecimentos poder\u00e3o ser encaminhados para:<br \/><strong>projetos2026@casacriativa.org.br<\/strong><\/p><p><strong>Catal\u00e3o \/ Ouvidor (GO), 01 de fevereiro de 2026<\/strong><\/p><p><strong>Casa Criativa \u2013 CMOC<\/strong><\/p>\t\t\t\t\t\t\t\t<\/div>\n\t\t\t\t<div class=\"elementor-element elementor-element-4e0343c elementor-align-center elementor-widget elementor-widget-button\" data-id=\"4e0343c\" data-element_type=\"widget\" data-e-type=\"widget\" data-widget_type=\"button.default\">\n\t\t\t\t\t\t\t\t\t\t<a class=\"elementor-button elementor-button-link elementor-size-sm\" href=\"https:\/\/forms.office.com\/r\/xndTBSv0te\" target=\"_blank\">\n\t\t\t\t\t\t<span class=\"elementor-button-content-wrapper\">\n\t\t\t\t\t\t<span class=\"elementor-button-icon\">\n\t\t\t\t<svg aria-hidden=\"true\" class=\"e-font-icon-svg e-fas-arrow-right\" viewBox=\"0 0 448 512\" xmlns=\"http:\/\/www.w3.org\/2000\/svg\"><path d=\"M190.5 66.9l22.2-22.2c9.4-9.4 24.6-9.4 33.9 0L441 239c9.4 9.4 9.4 24.6 0 33.9L246.6 467.3c-9.4 9.4-24.6 9.4-33.9 0l-22.2-22.2c-9.5-9.5-9.3-25 .4-34.3L311.4 296H24c-13.3 0-24-10.7-24-24v-32c0-13.3 10.7-24 24-24h287.4L190.9 101.2c-9.8-9.3-10-24.8-.4-34.3z\"><\/path><\/svg>\t\t\t<\/span>\n\t\t\t\t\t\t\t\t\t<span class=\"elementor-button-text\">Fa\u00e7a a sua inscri\u00e7\u00e3o aqui!<\/span>\n\t\t\t\t\t<\/span>\n\t\t\t\t\t<\/a>\n\t\t\t\t\t\t\t\t<\/div>\n\t\t\t\t\t<\/div>\n\t\t\t\t<\/div>\n\t\t\t\t<\/div>\n\t\t","protected":false},"excerpt":{"rendered":"<p>Compartilhe este edital! Facebook Twitter LinkedIn Threads WhatsApp Edital em PDF &#8211; Downloads EDITAL DE SELE\u00c7\u00c3O DE APRESENTA\u00c7\u00d5ES E EVENTOS ART\u00cdSTICOS E CULTURAIS CASA CRIATIVA \u2013 2026\/2027EDITAL N\u00ba 01\/2026PRONAC 205070 [&hellip;]<\/p>\n","protected":false},"author":1,"featured_media":0,"parent":0,"menu_order":0,"comment_status":"closed","ping_status":"closed","template":"page-template\/blank-page-sidebar.php","meta":{"_acf_changed":false,"give_campaign_id":0,"footnotes":""},"class_list":["post-3394","page","type-page","status-publish","hentry"],"acf":[],"campaignId":"","_links":{"self":[{"href":"https:\/\/casacriativa.org\/2025\/wp-json\/wp\/v2\/pages\/3394","targetHints":{"allow":["GET"]}}],"collection":[{"href":"https:\/\/casacriativa.org\/2025\/wp-json\/wp\/v2\/pages"}],"about":[{"href":"https:\/\/casacriativa.org\/2025\/wp-json\/wp\/v2\/types\/page"}],"author":[{"embeddable":true,"href":"https:\/\/casacriativa.org\/2025\/wp-json\/wp\/v2\/users\/1"}],"replies":[{"embeddable":true,"href":"https:\/\/casacriativa.org\/2025\/wp-json\/wp\/v2\/comments?post=3394"}],"version-history":[{"count":19,"href":"https:\/\/casacriativa.org\/2025\/wp-json\/wp\/v2\/pages\/3394\/revisions"}],"predecessor-version":[{"id":3867,"href":"https:\/\/casacriativa.org\/2025\/wp-json\/wp\/v2\/pages\/3394\/revisions\/3867"}],"wp:attachment":[{"href":"https:\/\/casacriativa.org\/2025\/wp-json\/wp\/v2\/media?parent=3394"}],"curies":[{"name":"wp","href":"https:\/\/api.w.org\/{rel}","templated":true}]}}